{"id":253,"date":"2015-02-18T17:20:25","date_gmt":"2015-02-18T16:20:25","guid":{"rendered":"http:\/\/hobbykeller.spdns.de\/?page_id=253"},"modified":"2015-02-19T13:48:08","modified_gmt":"2015-02-19T12:48:08","slug":"kontakt","status":"publish","type":"page","link":"https:\/\/hobbykeller.spdns.de\/?page_id=253","title":{"rendered":"Kontakt"},"content":{"rendered":"<h1>e-Mail<\/h1>\n<p>Am schnellsten kann ich Ihre Anfragen beantworten, wenn Sie mich <a href=\"mailto:libudaj@uniduesseldorf.de\">per e-Mail<\/a> kontaktieren.<\/p>\n<p>F\u00fcr vertrauliche Nachrichten empfehle ich dringend eine Verschl\u00fcsselung. Hierf\u00fcr stehen Ihnen folgende Zertifikate zur Verf\u00fcgung:<\/p>\n<p>[table id=9 \/]<\/p>\n<h1>Voice und Videokonferenzen<\/h1>\n<p>Telefon: (0211) 23 707 920<\/p>\n<p>Sofern Sie zudem \u00fcber einen XMPP-kompatible Software auf Ihrem PC, Tablet oder Mobiltelefon verf\u00fcgen (z.B. Jitsi, CSipSimple und ChatSecure), besteht die M\u00f6glichkeit zu<\/p>\n<ul>\n<li>verschl\u00fcsselten Ferngespr\u00e4chen<\/li>\n<li>Videokonferenzen<\/li>\n<li>OTR-Chats<\/li>\n<\/ul>\n<p>Die entsprechenden Logins erhalten Sie bei Bedarf von mir.<\/p>\n<p>Clients wie Skype, Facetime u.\u00e4. propriet\u00e4re Kommunikationsprotokolle werden von mir aufgrund der zahlreichen <a href=\"http:\/\/www.theguardian.com\/world\/2013\/jul\/11\/microsoft-nsa-collaboration-user-data\" target=\"_blank\">dokumentierten Sicherheitsl\u00fccken<\/a> nicht unterst\u00fctzt.<\/p>\n<p>&nbsp;<\/p>\n<p>&nbsp;<\/p>\n","protected":false},"excerpt":{"rendered":"<p>e-Mail Am schnellsten kann ich Ihre Anfragen beantworten, wenn Sie mich per e-Mail kontaktieren. F\u00fcr vertrauliche Nachrichten empfehle ich dringend eine Verschl\u00fcsselung. Hierf\u00fcr stehen Ihnen folgende Zertifikate zur Verf\u00fcgung: [table<span class=\"more-button\"><a href=\"https:\/\/hobbykeller.spdns.de\/?page_id=253\" class=\"more-link\">Continue reading<span class=\"screen-reader-text\">Kontakt<\/span><\/a><\/span><\/p>\n","protected":false},"author":2,"featured_media":0,"parent":0,"menu_order":0,"comment_status":"closed","ping_status":"closed","template":"","meta":{"footnotes":""},"class_list":["post-253","page","type-page","status-publish","hentry"],"_links":{"self":[{"href":"https:\/\/hobbykeller.spdns.de\/index.php?rest_route=\/wp\/v2\/pages\/253","targetHints":{"allow":["GET"]}}],"collection":[{"href":"https:\/\/hobbykeller.spdns.de\/index.php?rest_route=\/wp\/v2\/pages"}],"about":[{"href":"https:\/\/hobbykeller.spdns.de\/index.php?rest_route=\/wp\/v2\/types\/page"}],"author":[{"embeddable":true,"href":"https:\/\/hobbykeller.spdns.de\/index.php?rest_route=\/wp\/v2\/users\/2"}],"replies":[{"embeddable":true,"href":"https:\/\/hobbykeller.spdns.de\/index.php?rest_route=%2Fwp%2Fv2%2Fcomments&post=253"}],"version-history":[{"count":8,"href":"https:\/\/hobbykeller.spdns.de\/index.php?rest_route=\/wp\/v2\/pages\/253\/revisions"}],"predecessor-version":[{"id":268,"href":"https:\/\/hobbykeller.spdns.de\/index.php?rest_route=\/wp\/v2\/pages\/253\/revisions\/268"}],"wp:attachment":[{"href":"https:\/\/hobbykeller.spdns.de\/index.php?rest_route=%2Fwp%2Fv2%2Fmedia&parent=253"}],"curies":[{"name":"wp","href":"https:\/\/api.w.org\/{rel}","templated":true}]}}